{"id":242,"date":"2025-09-20T07:57:50","date_gmt":"2025-09-20T05:57:50","guid":{"rendered":"https:\/\/wiartshof.it\/index\/"},"modified":"2025-11-22T09:18:17","modified_gmt":"2025-11-22T08:18:17","slug":"index","status":"publish","type":"page","link":"https:\/\/wiartshof.it\/en\/","title":{"rendered":"Home"},"content":{"rendered":"","protected":false},"excerpt":{"rendered":"","protected":false},"author":1,"featured_media":0,"parent":0,"menu_order":0,"comment_status":"closed","ping_status":"closed","template":"","meta":{"footnotes":""},"class_list":["post-242","page","type-page","status-publish","hentry"],"yoast_head":"<!-- This site is optimized with the Yoast SEO plugin v26.7 - https:\/\/yoast.com\/wordpress\/plugins\/seo\/ -->\n<title>Wiartshof \u2013 Ferienwohnungen &amp; Urlaub auf dem Bauernhof S\u00fcdtirol<\/title>\n<meta name=\"description\" content=\"Willkommen am Wiartshof in S\u00fcdtirol: Genie\u00dfen Sie gem\u00fctliche Ferienwohnungen, traditionelle Bauernhof-Atmosph\u00e4re und entspannte Urlaubstage inmitten der Natur.\" \/>\n<meta name=\"robots\" content=\"index, follow, max-snippet:-1, max-image-preview:large, max-video-preview:-1\" \/>\n<link rel=\"canonical\" href=\"https:\/\/wiartshof.it\/en\/\" \/>\n<meta property=\"og:locale\" content=\"en_GB\" \/>\n<meta property=\"og:type\" content=\"article\" \/>\n<meta property=\"og:title\" content=\"Wiartshof \u2013 Ferienwohnungen &amp; Urlaub auf dem Bauernhof S\u00fcdtirol\" \/>\n<meta property=\"og:description\" content=\"Willkommen am Wiartshof in S\u00fcdtirol: Genie\u00dfen Sie gem\u00fctliche Ferienwohnungen, traditionelle Bauernhof-Atmosph\u00e4re und entspannte Urlaubstage inmitten der Natur.\" \/>\n<meta property=\"og:url\" content=\"https:\/\/wiartshof.it\/en\/\" \/>\n<meta property=\"og:site_name\" content=\"Wiartshof - Urlaub auf dem Bauernhof\" \/>\n<meta property=\"article:publisher\" content=\"https:\/\/facebook.com\/WiartshofFerienwohnung\" \/>\n<meta property=\"article:modified_time\" content=\"2025-11-22T08:18:17+00:00\" \/>\n<meta name=\"twitter:card\" content=\"summary_large_image\" \/>\n<script type=\"application\/ld+json\" class=\"yoast-schema-graph\">{\"@context\":\"https:\/\/schema.org\",\"@graph\":[{\"@type\":\"WebPage\",\"@id\":\"https:\/\/wiartshof.it\/\",\"url\":\"https:\/\/wiartshof.it\/\",\"name\":\"Wiartshof \u2013 Ferienwohnungen & Urlaub auf dem Bauernhof S\u00fcdtirol\",\"isPartOf\":{\"@id\":\"https:\/\/wiartshof.it\/#website\"},\"datePublished\":\"2025-09-20T05:57:50+00:00\",\"dateModified\":\"2025-11-22T08:18:17+00:00\",\"description\":\"Willkommen am Wiartshof in S\u00fcdtirol: Genie\u00dfen Sie gem\u00fctliche Ferienwohnungen, traditionelle Bauernhof-Atmosph\u00e4re und entspannte Urlaubstage inmitten der Natur.\",\"breadcrumb\":{\"@id\":\"https:\/\/wiartshof.it\/#breadcrumb\"},\"inLanguage\":\"en-GB\",\"potentialAction\":[{\"@type\":\"ReadAction\",\"target\":[\"https:\/\/wiartshof.it\/\"]}]},{\"@type\":\"BreadcrumbList\",\"@id\":\"https:\/\/wiartshof.it\/#breadcrumb\",\"itemListElement\":[{\"@type\":\"ListItem\",\"position\":1,\"name\":\"Startseite\",\"item\":\"https:\/\/wiartshof.it\/\"},{\"@type\":\"ListItem\",\"position\":2,\"name\":\"Home\"}]},{\"@type\":\"WebSite\",\"@id\":\"https:\/\/wiartshof.it\/#website\",\"url\":\"https:\/\/wiartshof.it\/\",\"name\":\"Wiartshof - Urlaub auf dem Bauernhof\",\"description\":\"Bauernhof Langtaufers\",\"publisher\":{\"@id\":\"https:\/\/wiartshof.it\/#organization\"},\"potentialAction\":[{\"@type\":\"SearchAction\",\"target\":{\"@type\":\"EntryPoint\",\"urlTemplate\":\"https:\/\/wiartshof.it\/?s={search_term_string}\"},\"query-input\":{\"@type\":\"PropertyValueSpecification\",\"valueRequired\":true,\"valueName\":\"search_term_string\"}}],\"inLanguage\":\"en-GB\"},{\"@type\":\"Organization\",\"@id\":\"https:\/\/wiartshof.it\/#organization\",\"name\":\"Wiartshof - Urlaub auf dem Bauernhof\",\"url\":\"https:\/\/wiartshof.it\/\",\"logo\":{\"@type\":\"ImageObject\",\"inLanguage\":\"en-GB\",\"@id\":\"https:\/\/wiartshof.it\/#\/schema\/logo\/image\/\",\"url\":\"https:\/\/wiartshof.it\/wp-content\/uploads\/2025\/09\/cropped-25_LogoWiartshof-scaled-1.png\",\"contentUrl\":\"https:\/\/wiartshof.it\/wp-content\/uploads\/2025\/09\/cropped-25_LogoWiartshof-scaled-1.png\",\"width\":2038,\"height\":1036,\"caption\":\"Wiartshof - Urlaub auf dem Bauernhof\"},\"image\":{\"@id\":\"https:\/\/wiartshof.it\/#\/schema\/logo\/image\/\"},\"sameAs\":[\"https:\/\/facebook.com\/WiartshofFerienwohnung\",\"https:\/\/instagram.com\/wiartshof\"]}]}<\/script>\n<!-- \/ Yoast SEO plugin. -->","yoast_head_json":{"title":"Wiartshof \u2013 Ferienwohnungen & Urlaub auf dem Bauernhof S\u00fcdtirol","description":"Willkommen am Wiartshof in S\u00fcdtirol: Genie\u00dfen Sie gem\u00fctliche Ferienwohnungen, traditionelle Bauernhof-Atmosph\u00e4re und entspannte Urlaubstage inmitten der Natur.","robots":{"index":"index","follow":"follow","max-snippet":"max-snippet:-1","max-image-preview":"max-image-preview:large","max-video-preview":"max-video-preview:-1"},"canonical":"https:\/\/wiartshof.it\/en\/","og_locale":"en_GB","og_type":"article","og_title":"Wiartshof \u2013 Ferienwohnungen & Urlaub auf dem Bauernhof S\u00fcdtirol","og_description":"Willkommen am Wiartshof in S\u00fcdtirol: Genie\u00dfen Sie gem\u00fctliche Ferienwohnungen, traditionelle Bauernhof-Atmosph\u00e4re und entspannte Urlaubstage inmitten der Natur.","og_url":"https:\/\/wiartshof.it\/en\/","og_site_name":"Wiartshof - Urlaub auf dem Bauernhof","article_publisher":"https:\/\/facebook.com\/WiartshofFerienwohnung","article_modified_time":"2025-11-22T08:18:17+00:00","twitter_card":"summary_large_image","schema":{"@context":"https:\/\/schema.org","@graph":[{"@type":"WebPage","@id":"https:\/\/wiartshof.it\/","url":"https:\/\/wiartshof.it\/","name":"Wiartshof \u2013 Ferienwohnungen & Urlaub auf dem Bauernhof S\u00fcdtirol","isPartOf":{"@id":"https:\/\/wiartshof.it\/#website"},"datePublished":"2025-09-20T05:57:50+00:00","dateModified":"2025-11-22T08:18:17+00:00","description":"Willkommen am Wiartshof in S\u00fcdtirol: Genie\u00dfen Sie gem\u00fctliche Ferienwohnungen, traditionelle Bauernhof-Atmosph\u00e4re und entspannte Urlaubstage inmitten der Natur.","breadcrumb":{"@id":"https:\/\/wiartshof.it\/#breadcrumb"},"inLanguage":"en-GB","potentialAction":[{"@type":"ReadAction","target":["https:\/\/wiartshof.it\/"]}]},{"@type":"BreadcrumbList","@id":"https:\/\/wiartshof.it\/#breadcrumb","itemListElement":[{"@type":"ListItem","position":1,"name":"Startseite","item":"https:\/\/wiartshof.it\/"},{"@type":"ListItem","position":2,"name":"Home"}]},{"@type":"WebSite","@id":"https:\/\/wiartshof.it\/#website","url":"https:\/\/wiartshof.it\/","name":"Wiartshof - Urlaub auf dem Bauernhof","description":"Bauernhof Langtaufers","publisher":{"@id":"https:\/\/wiartshof.it\/#organization"},"potentialAction":[{"@type":"SearchAction","target":{"@type":"EntryPoint","urlTemplate":"https:\/\/wiartshof.it\/?s={search_term_string}"},"query-input":{"@type":"PropertyValueSpecification","valueRequired":true,"valueName":"search_term_string"}}],"inLanguage":"en-GB"},{"@type":"Organization","@id":"https:\/\/wiartshof.it\/#organization","name":"Wiartshof - Urlaub auf dem Bauernhof","url":"https:\/\/wiartshof.it\/","logo":{"@type":"ImageObject","inLanguage":"en-GB","@id":"https:\/\/wiartshof.it\/#\/schema\/logo\/image\/","url":"https:\/\/wiartshof.it\/wp-content\/uploads\/2025\/09\/cropped-25_LogoWiartshof-scaled-1.png","contentUrl":"https:\/\/wiartshof.it\/wp-content\/uploads\/2025\/09\/cropped-25_LogoWiartshof-scaled-1.png","width":2038,"height":1036,"caption":"Wiartshof - Urlaub auf dem Bauernhof"},"image":{"@id":"https:\/\/wiartshof.it\/#\/schema\/logo\/image\/"},"sameAs":["https:\/\/facebook.com\/WiartshofFerienwohnung","https:\/\/instagram.com\/wiartshof"]}]}},"_links":{"self":[{"href":"https:\/\/wiartshof.it\/en\/wp-json\/wp\/v2\/pages\/242","targetHints":{"allow":["GET"]}}],"collection":[{"href":"https:\/\/wiartshof.it\/en\/wp-json\/wp\/v2\/pages"}],"about":[{"href":"https:\/\/wiartshof.it\/en\/wp-json\/wp\/v2\/types\/page"}],"author":[{"embeddable":true,"href":"https:\/\/wiartshof.it\/en\/wp-json\/wp\/v2\/users\/1"}],"replies":[{"embeddable":true,"href":"https:\/\/wiartshof.it\/en\/wp-json\/wp\/v2\/comments?post=242"}],"version-history":[{"count":1,"href":"https:\/\/wiartshof.it\/en\/wp-json\/wp\/v2\/pages\/242\/revisions"}],"predecessor-version":[{"id":829,"href":"https:\/\/wiartshof.it\/en\/wp-json\/wp\/v2\/pages\/242\/revisions\/829"}],"wp:attachment":[{"href":"https:\/\/wiartshof.it\/en\/wp-json\/wp\/v2\/media?parent=242"}],"curies":[{"name":"wp","href":"https:\/\/api.w.org\/{rel}","templated":true}]}}